{"id":1364,"date":"2020-10-13T19:17:48","date_gmt":"2020-10-13T19:17:48","guid":{"rendered":"https:\/\/cuyaywasi.net\/?page_id=1364"},"modified":"2020-11-19T01:46:22","modified_gmt":"2020-11-19T01:46:22","slug":"video-participativo","status":"publish","type":"page","link":"https:\/\/cuyaywasi.net\/de\/video-participativo\/","title":{"rendered":"Was ist Cuyay Wasi"},"content":{"rendered":"<p>[vc_row css_animation=&#8220;&#8220; row_type=&#8220;row&#8220; use_row_as_full_screen_section=&#8220;yes&#8220; type=&#8220;grid&#8220; angled_section=&#8220;no&#8220; text_align=&#8220;center&#8220; background_image_as_pattern=&#8220;without_pattern&#8220; padding_top=&#8220;120&#8243; z_index=&#8220;&#8220; css=&#8220;.vc_custom_1524456943619{background-image: url(http:\/\/cuyaywasi.net\/wp-content\/uploads\/2018\/04\/screen_3.jpg?id=584) !important;background-position: center !important;background-repeat: no-repeat !important;background-size: cover !important;}&#8220;][vc_column][vc_empty_space height=&#8220;50px&#8220;][vc_column_text]<\/p>\n<h1 style=\"text-align: center;\">UNSER ANLIEGEN<\/h1>\n<p>[\/vc_column_text][vc_separator type=&#8220;small&#8220; position=&#8220;center&#8220; color=&#8220;#8a3fb6&#8243; transparency=&#8220;1&#8243; thickness=&#8220;4&#8243; width=&#8220;96&#8243; up=&#8220;25&#8243; down=&#8220;25&#8243;][vc_column_text]<\/p>\n<h5 style=\"text-align: center;\">Wir sind Filmemacher zum Nutzen der Mutter Erde. Unsere Projekte dienen der Verbindung der Menschen und ihrer Herzen mit dem Herz der Erde. Uns ist es bewusst dass wir K\u00fcnstler in der Gesellschaft Br\u00fccken bauen, dabei Kreativit\u00e4t und Kunst anbieten, um Wissen und Werte weiterzugeben.<\/h5>\n<p>[\/vc_column_text][vc_empty_space height=&#8220;17px&#8220;][vc_column_text]<\/p>\n<h5 style=\"text-align: center;\">In unserer Arbeit haben wir verschiedene Genres des Filmemachens verwirklicht, z.B. das partizipative Video, den artistischen Film, das audiovisuelle Experiment und den Dokumentarfilm.<\/h5>\n<p>&nbsp;<\/p>\n<h5 style=\"text-align: center;\">Das partizipative Video ist eine gemeinschaftliche Arbeitsmethode, die darin besteht die audiovisuellen Medien, die Kamera, das Mikrofon in Reichweite der sozialen Gruppen oder Dorfgemeinschaften zu stellen, um die Akteure darin zu best\u00e4rken, ihre Lebensgeschichten auf ihre eigene Weise zu erz\u00e4hlen. Im partizipativen Video \u00fcbernehmen wir als Regisseure die Rolle des Moderators (Facilitador), denn dieser hilft der Gruppe sich zu filmen und sich anzuschauen, damit die gemeinschaftliche Planung und Entscheidungsprozesse bewusst und nachhaltig besprochen und ausgef\u00fchrt wird.<\/h5>\n<p>&nbsp;<\/p>\n<h5 style=\"text-align: center;\">Es gibt in Peru eine Menge von Themen zu erkunden, und sehr viele Organisationen arbeiten direkt mit Dorfgemeinschaften und sind im Kontakt mit dem andinen Wissen und der Lebensart in den Bergen. Wir glauben dass jeder Kontakt zwischen Ihnen partizipativ sein sollte. Die institutionellen, sozialen oder dokumentarischen Videos k\u00f6nnen sehr bereichern, wenn wir sie partizipativ, horizontal, in der Gruppe und Gemeinschaft, und vor allem mit Liebe und Respekt machen. Das ist unser Ansatz im partizipativen Video.<\/h5>\n<p>&nbsp;<\/p>\n<h5 style=\"text-align: center;\">Das partizipative Video dient auch der Erforschung der Wirklichkeit aus Sicht der Betroffen, und wir k\u00f6nnen es an die Kommunikationsbed\u00fcrfnisse anpassen.<\/h5>\n<p>&nbsp;<\/p>\n<h5 style=\"text-align: center;\"><a href=\"http:\/\/cuyaywasi.net\/wp-content\/uploads\/2018\/04\/DOSSIER-CUYAY-WASI-2018.pdf\" target=\"_blank\" rel=\"noopener\"><i class=\"qode_icon_font_awesome fa fa-file simple_social\" style=\"color: #38383a; margin: 0 5px 0 0; font-size: 15px;\"><\/i>Ver Dossier<\/a><\/h5>\n<p>[\/vc_column_text][\/vc_column][\/vc_row][vc_row css_animation=&#8220;&#8220; row_type=&#8220;row&#8220; use_row_as_full_screen_section=&#8220;yes&#8220; type=&#8220;grid&#8220; angled_section=&#8220;no&#8220; text_align=&#8220;center&#8220; background_image_as_pattern=&#8220;without_pattern&#8220; padding_top=&#8220;25&#8243; z_index=&#8220;&#8220; css=&#8220;.vc_custom_1524457413400{background-image: url(http:\/\/cuyaywasi.net\/wp-content\/uploads\/2018\/04\/screen_3.jpg?id=584) !important;background-position: center !important;background-repeat: no-repeat !important;background-size: cover !important;}&#8220;][vc_column][vc_empty_space height=&#8220;50px&#8220;][vc_column_text]<\/p>\n<h1 style=\"text-align: center;\">UNSERE ARBEIT<\/h1>\n<p>[\/vc_column_text][vc_separator type=&#8220;small&#8220; position=&#8220;center&#8220; color=&#8220;#8a3fb6&#8243; transparency=&#8220;1&#8243; thickness=&#8220;4&#8243; width=&#8220;96&#8243; up=&#8220;25&#8243; down=&#8220;25&#8243;][vc_column_text]<\/p>\n<h5 style=\"text-align: center;\">Mit Leidenschaft arbeiten wir mit Gemeinschaften und Institutionen, die ihre Forschung, mediale Kommunikation, ihre Kreativit\u00e4t und Videoarbeit erneuern wollen. Seit 2002 haben wir uns dieser partizipativen Aufgabe verschrieben. Insbesondere besch\u00e4ftigen wir uns mit der nat\u00fcrlichen und kulturellen Vielfalt in Peru und mit den indigenen V\u00f6lkern. Bei unseren Arbeiten haben wir viele andine Doerfer besucht, wo wir die St\u00e4rke und den Reichtum der andinen Kultur erkannt und gelernt haben. Dabei haben wir die andinen Lebensweisheiten zum Allin Kawsay (Buenvivir oder Gutes Leben) aufgenommen und mit verbreitet.<\/h5>\n<p>&nbsp;<\/p>\n<h5 style=\"text-align: center;\">Bauern\/B\u00e4uerinnen und ForscherInnen haben mit uns gelernt, Filme und Videos aufzunehmen, zu schneiden und herauszugeben; und wir haben auch die audiovisuelle Komponente von nationalen und internationalen Forschungsprojekten eingerichtet und mit lokalen Gruppen aufgebaut im Bereich der bilingualen Erziehung, Ern\u00e4hrungssouver\u00e4nit\u00e4t und Klimawandel.<\/h5>\n<p>&nbsp;<\/p>\n<h5 style=\"text-align: center;\">Wir setzen auf die partizipativen Prozesse und Demokratisierung welche alle Betroffenen bereichern, und wir haben einigen Institutionen und Projekten geholfen partizipative Strategien der internen Kommunikation zu entwickeln mit der Hilfe von Workshops, Beratungen und regelm\u00e4\u00dfige Begleitung.<\/h5>\n<p>&nbsp;<\/p>\n<h5 style=\"text-align: center;\">Unsere Partner waren:<\/h5>\n<p style=\"text-align: center;\"><strong>Kulturministerium<\/strong><\/p>\n<p style=\"text-align: center;\"><strong>Berginstitut<\/strong><\/p>\n<p style=\"text-align: center;\"><strong>Tarea<\/strong><\/p>\n<p style=\"text-align: center;\"><strong>Center for Agroecology, Water and Resilience, Universit\u00e4t Coventry, England<\/strong><\/p>\n<p style=\"text-align: center;\"><strong>Stiftung Holland \u2013 Peru<\/strong><\/p>\n<p style=\"text-align: center;\"><strong>Intercooperaci\u00f3n Ecuador<\/strong><\/p>\n<p style=\"text-align: center;\"><strong>TZ von Belgien in Ecuador<\/strong><\/p>\n<p style=\"text-align: center;\"><strong>IIED \u2013 London<\/strong><\/p>\n<p style=\"text-align: center;\"><strong>Demus<\/strong><\/p>\n<p style=\"text-align: center;\"><strong>Gruppe Chaski<\/strong><\/p>\n<p>[\/vc_column_text][vc_empty_space height=&#8220;50px&#8220;]<div class=\"qode-advanced-image-gallery  qode-aig-masonry-type qode-tiny-space  qode-image-behavior-grayscale \">\n\t<div class=\"qode-aig-inner qode-outer-space qode-aig-masonry qode-aig-four-columns\">\n\t\t<div class=\"qode-aig-grid-sizer\"><\/div>\n\t\t<div class=\"qode-aig-grid-gutter\"><\/div>\n\t\t\t\t\t\t\t\t<div class=\"qode-aig-image qode-item-space qode-aig-default-masonry-item\">\n\t\t\t\t<div class=\"qode-aig-image-inner\">\n\t\t\t\t\t\t\t\t\t\t\t<img width=\"2816\" height=\"2112\" src=\"https:\/\/cuyaywasi.net\/wp-content\/uploads\/2018\/04\/t6.jpg\" class=\"attachment-full size-full\" alt=\"\" decoding=\"async\" loading=\"lazy\" srcset=\"https:\/\/cuyaywasi.net\/wp-content\/uploads\/2018\/04\/t6.jpg 2816w, https:\/\/cuyaywasi.net\/wp-content\/uploads\/2018\/04\/t6-300x225.jpg 300w, https:\/\/cuyaywasi.net\/wp-content\/uploads\/2018\/04\/t6-768x576.jpg 768w, https:\/\/cuyaywasi.net\/wp-content\/uploads\/2018\/04\/t6-1024x768.jpg 1024w, https:\/\/cuyaywasi.net\/wp-content\/uploads\/2018\/04\/t6-800x600.jpg 800w, https:\/\/cuyaywasi.net\/wp-content\/uploads\/2018\/04\/t6-700x525.jpg 700w\" sizes=\"(max-width: 2816px) 100vw, 2816px\" \/>\t\t\t\t\t\t<span class=\"aig-gallery-hover\">\n\t\t\t\t\t\t\t\t\t\t\t\t\t<\/span>\n\t\t\t\t\t\t\t\t\t<\/div>\n\t\t\t<\/div>\n\t\t\t\t\t\t\t\t<div class=\"qode-aig-image qode-item-space qode-aig-default-masonry-item\">\n\t\t\t\t<div class=\"qode-aig-image-inner\">\n\t\t\t\t\t\t\t\t\t\t\t<img width=\"556\" height=\"416\" src=\"https:\/\/cuyaywasi.net\/wp-content\/uploads\/2018\/04\/const-e1524772605588.png\" class=\"attachment-full size-full\" alt=\"\" decoding=\"async\" loading=\"lazy\" srcset=\"https:\/\/cuyaywasi.net\/wp-content\/uploads\/2018\/04\/const-e1524772605588.png 556w, https:\/\/cuyaywasi.net\/wp-content\/uploads\/2018\/04\/const-e1524772605588-300x224.png 300w\" sizes=\"(max-width: 556px) 100vw, 556px\" \/>\t\t\t\t\t\t<span class=\"aig-gallery-hover\">\n\t\t\t\t\t\t\t\t\t\t\t\t\t<\/span>\n\t\t\t\t\t\t\t\t\t<\/div>\n\t\t\t<\/div>\n\t\t\t\t\t\t\t\t<div class=\"qode-aig-image qode-item-space qode-aig-default-masonry-item\">\n\t\t\t\t<div class=\"qode-aig-image-inner\">\n\t\t\t\t\t\t\t\t\t\t\t<img width=\"500\" height=\"375\" src=\"https:\/\/cuyaywasi.net\/wp-content\/uploads\/2018\/04\/t5.jpg\" class=\"attachment-full size-full\" alt=\"\" decoding=\"async\" loading=\"lazy\" srcset=\"https:\/\/cuyaywasi.net\/wp-content\/uploads\/2018\/04\/t5.jpg 500w, https:\/\/cuyaywasi.net\/wp-content\/uploads\/2018\/04\/t5-300x225.jpg 300w\" sizes=\"(max-width: 500px) 100vw, 500px\" \/>\t\t\t\t\t\t<span class=\"aig-gallery-hover\">\n\t\t\t\t\t\t\t\t\t\t\t\t\t<\/span>\n\t\t\t\t\t\t\t\t\t<\/div>\n\t\t\t<\/div>\n\t\t\t\t\t\t\t\t<div class=\"qode-aig-image qode-item-space qode-aig-default-masonry-item\">\n\t\t\t\t<div class=\"qode-aig-image-inner\">\n\t\t\t\t\t\t\t\t\t\t\t<img width=\"360\" height=\"270\" src=\"https:\/\/cuyaywasi.net\/wp-content\/uploads\/2018\/04\/2222.jpg\" class=\"attachment-full size-full\" alt=\"\" decoding=\"async\" loading=\"lazy\" srcset=\"https:\/\/cuyaywasi.net\/wp-content\/uploads\/2018\/04\/2222.jpg 360w, https:\/\/cuyaywasi.net\/wp-content\/uploads\/2018\/04\/2222-300x225.jpg 300w\" sizes=\"(max-width: 360px) 100vw, 360px\" \/>\t\t\t\t\t\t<span class=\"aig-gallery-hover\">\n\t\t\t\t\t\t\t\t\t\t\t\t\t<\/span>\n\t\t\t\t\t\t\t\t\t<\/div>\n\t\t\t<\/div>\n\t\t\t\t\t\t\t\t<div class=\"qode-aig-image qode-item-space qode-aig-default-masonry-item\">\n\t\t\t\t<div class=\"qode-aig-image-inner\">\n\t\t\t\t\t\t\t\t\t\t\t<img width=\"2816\" height=\"2112\" src=\"https:\/\/cuyaywasi.net\/wp-content\/uploads\/2018\/04\/1.jpg\" class=\"attachment-full size-full\" alt=\"\" decoding=\"async\" loading=\"lazy\" srcset=\"https:\/\/cuyaywasi.net\/wp-content\/uploads\/2018\/04\/1.jpg 2816w, https:\/\/cuyaywasi.net\/wp-content\/uploads\/2018\/04\/1-300x225.jpg 300w, https:\/\/cuyaywasi.net\/wp-content\/uploads\/2018\/04\/1-768x576.jpg 768w, https:\/\/cuyaywasi.net\/wp-content\/uploads\/2018\/04\/1-1024x768.jpg 1024w, https:\/\/cuyaywasi.net\/wp-content\/uploads\/2018\/04\/1-800x600.jpg 800w, https:\/\/cuyaywasi.net\/wp-content\/uploads\/2018\/04\/1-700x525.jpg 700w\" sizes=\"(max-width: 2816px) 100vw, 2816px\" \/>\t\t\t\t\t\t<span class=\"aig-gallery-hover\">\n\t\t\t\t\t\t\t\t\t\t\t\t\t<\/span>\n\t\t\t\t\t\t\t\t\t<\/div>\n\t\t\t<\/div>\n\t\t\t\t\t\t\t\t<div class=\"qode-aig-image qode-item-space qode-aig-default-masonry-item\">\n\t\t\t\t<div class=\"qode-aig-image-inner\">\n\t\t\t\t\t\t\t\t\t\t\t<img width=\"4000\" height=\"3000\" src=\"https:\/\/cuyaywasi.net\/wp-content\/uploads\/2018\/04\/t2.jpg\" class=\"attachment-full size-full\" alt=\"\" decoding=\"async\" loading=\"lazy\" srcset=\"https:\/\/cuyaywasi.net\/wp-content\/uploads\/2018\/04\/t2.jpg 4000w, https:\/\/cuyaywasi.net\/wp-content\/uploads\/2018\/04\/t2-300x225.jpg 300w, https:\/\/cuyaywasi.net\/wp-content\/uploads\/2018\/04\/t2-768x576.jpg 768w, https:\/\/cuyaywasi.net\/wp-content\/uploads\/2018\/04\/t2-1024x768.jpg 1024w, https:\/\/cuyaywasi.net\/wp-content\/uploads\/2018\/04\/t2-800x600.jpg 800w, https:\/\/cuyaywasi.net\/wp-content\/uploads\/2018\/04\/t2-700x525.jpg 700w\" sizes=\"(max-width: 4000px) 100vw, 4000px\" \/>\t\t\t\t\t\t<span class=\"aig-gallery-hover\">\n\t\t\t\t\t\t\t\t\t\t\t\t\t<\/span>\n\t\t\t\t\t\t\t\t\t<\/div>\n\t\t\t<\/div>\n\t\t\t\t\t\t\t\t<div class=\"qode-aig-image qode-item-space qode-aig-default-masonry-item\">\n\t\t\t\t<div class=\"qode-aig-image-inner\">\n\t\t\t\t\t\t\t\t\t\t\t<img width=\"4000\" height=\"3000\" src=\"https:\/\/cuyaywasi.net\/wp-content\/uploads\/2018\/04\/t3.jpg\" class=\"attachment-full size-full\" alt=\"\" decoding=\"async\" loading=\"lazy\" srcset=\"https:\/\/cuyaywasi.net\/wp-content\/uploads\/2018\/04\/t3.jpg 4000w, https:\/\/cuyaywasi.net\/wp-content\/uploads\/2018\/04\/t3-300x225.jpg 300w, https:\/\/cuyaywasi.net\/wp-content\/uploads\/2018\/04\/t3-768x576.jpg 768w, https:\/\/cuyaywasi.net\/wp-content\/uploads\/2018\/04\/t3-1024x768.jpg 1024w, https:\/\/cuyaywasi.net\/wp-content\/uploads\/2018\/04\/t3-800x600.jpg 800w, https:\/\/cuyaywasi.net\/wp-content\/uploads\/2018\/04\/t3-700x525.jpg 700w\" sizes=\"(max-width: 4000px) 100vw, 4000px\" \/>\t\t\t\t\t\t<span class=\"aig-gallery-hover\">\n\t\t\t\t\t\t\t\t\t\t\t\t\t<\/span>\n\t\t\t\t\t\t\t\t\t<\/div>\n\t\t\t<\/div>\n\t\t\t\t\t\t\t\t<div class=\"qode-aig-image qode-item-space qode-aig-default-masonry-item\">\n\t\t\t\t<div class=\"qode-aig-image-inner\">\n\t\t\t\t\t\t\t\t\t\t\t<img width=\"1280\" height=\"960\" src=\"https:\/\/cuyaywasi.net\/wp-content\/uploads\/2018\/04\/t4.jpg\" class=\"attachment-full size-full\" alt=\"\" decoding=\"async\" loading=\"lazy\" srcset=\"https:\/\/cuyaywasi.net\/wp-content\/uploads\/2018\/04\/t4.jpg 1280w, https:\/\/cuyaywasi.net\/wp-content\/uploads\/2018\/04\/t4-300x225.jpg 300w, https:\/\/cuyaywasi.net\/wp-content\/uploads\/2018\/04\/t4-768x576.jpg 768w, https:\/\/cuyaywasi.net\/wp-content\/uploads\/2018\/04\/t4-1024x768.jpg 1024w, https:\/\/cuyaywasi.net\/wp-content\/uploads\/2018\/04\/t4-800x600.jpg 800w, https:\/\/cuyaywasi.net\/wp-content\/uploads\/2018\/04\/t4-700x525.jpg 700w\" sizes=\"(max-width: 1280px) 100vw, 1280px\" \/>\t\t\t\t\t\t<span class=\"aig-gallery-hover\">\n\t\t\t\t\t\t\t\t\t\t\t\t\t<\/span>\n\t\t\t\t\t\t\t\t\t<\/div>\n\t\t\t<\/div>\n\t\t\t<\/div>\n<\/div>[vc_empty_space height=&#8220;50px&#8220;][\/vc_column][\/vc_row][vc_row css_animation=&#8220;&#8220; row_type=&#8220;row&#8220; use_row_as_full_screen_section=&#8220;yes&#8220; type=&#8220;grid&#8220; angled_section=&#8220;no&#8220; text_align=&#8220;center&#8220; background_image_as_pattern=&#8220;without_pattern&#8220; padding_top=&#8220;25&#8243; z_index=&#8220;&#8220; css=&#8220;.vc_custom_1524457413400{background-image: url(http:\/\/cuyaywasi.net\/wp-content\/uploads\/2018\/04\/screen_3.jpg?id=584) !important;background-position: center !important;background-repeat: no-repeat !important;background-size: cover !important;}&#8220;][vc_column][vc_empty_space height=&#8220;50px&#8220;][vc_column_text]<\/p>\n<h1 style=\"text-align: center;\">EINIGE UNSERER VIDEOS UND ARBEITEN<\/h1>\n<p>[\/vc_column_text][vc_separator type=&#8220;small&#8220; position=&#8220;center&#8220; color=&#8220;#8a3fb6&#8243; transparency=&#8220;1&#8243; thickness=&#8220;4&#8243; width=&#8220;96&#8243; up=&#8220;25&#8243; down=&#8220;25&#8243;][vc_empty_space height=&#8220;50px&#8220;][vc_row_inner row_type=&#8220;row&#8220; type=&#8220;full_width&#8220; text_align=&#8220;left&#8220; css_animation=&#8220;&#8220; css=&#8220;.vc_custom_1524931495138{padding-bottom: 50px !important;}&#8220;][vc_column_inner width=&#8220;1\/3&#8243;]<div class=\"qode_video_box\">\r\n\t<a itemprop=\"image\" class=\"qode_video_image\" href=\"https:\/\/vimeo.com\/266751360\" data-rel=\"prettyPhoto\">\r\n\t\t\t\r\n\t\t\t<img src=\"https:\/\/cuyaywasi.net\/wp-content\/uploads\/2018\/04\/video1-e1524840152405.png\" \/>\r\n\t\t\t<span class=\"qode_video_box_button_holder\">\r\n\t\t\t\t<span class=\"qode_video_box_button\">\r\n\t\t\t\t\t<span class=\"qode_video_box_button_arrow\">\r\n\t\t\t\t\t<\/span>\r\n\t\t\t\t<\/span>\r\n\t\t\t<\/span>\r\n\t\t\t<\/a>\r\n<\/div>[vc_empty_space height=&#8220;17px&#8220;][vc_column_text]<\/p>\n<h6 style=\"font-family: scheme; text-align: center;\">YO SOY TU Y TU ERES PARTE DE MI<\/h6>\n<h6 style=\"font-family: scheme; text-align: center;\">ICH BIN DU UND DU BIST TEIL VON MIR<\/h6>\n<h6 style=\"text-align: center;\">Video f\u00fcr die Kampagne gegen die Diskriminierung, Videoteca de las Culturas, Kultusministerium, 2017.<\/h6>\n<p>[\/vc_column_text][\/vc_column_inner][vc_column_inner width=&#8220;1\/3&#8243;]<div class=\"qode_video_box\">\r\n\t<a itemprop=\"image\" class=\"qode_video_image\" href=\"https:\/\/vimeo.com\/266767990\" data-rel=\"prettyPhoto\">\r\n\t\t\t\r\n\t\t\t<img src=\"https:\/\/cuyaywasi.net\/wp-content\/uploads\/2018\/04\/v2-e1524840271500.png\" \/>\r\n\t\t\t<span class=\"qode_video_box_button_holder\">\r\n\t\t\t\t<span class=\"qode_video_box_button\">\r\n\t\t\t\t\t<span class=\"qode_video_box_button_arrow\">\r\n\t\t\t\t\t<\/span>\r\n\t\t\t\t<\/span>\r\n\t\t\t<\/span>\r\n\t\t\t<\/a>\r\n<\/div>[vc_empty_space height=&#8220;17px&#8220;][vc_column_text]<\/p>\n<h6 style=\"text-align: center;\">Partizipatives Selbstdarstellungsvideo von Capote, Lambayeque, f\u00fcr die Videoteca de las Culturas, Kultusministerium, 2016.<\/h6>\n<p>[\/vc_column_text][\/vc_column_inner][vc_column_inner width=&#8220;1\/3&#8243;]<div class=\"qode_video_box\">\r\n\t<a itemprop=\"image\" class=\"qode_video_image\" href=\"https:\/\/vimeo.com\/266775614\" data-rel=\"prettyPhoto\">\r\n\t\t\t\r\n\t\t\t<img src=\"https:\/\/cuyaywasi.net\/wp-content\/uploads\/2018\/04\/v3-e1524840240240.png\" \/>\r\n\t\t\t<span class=\"qode_video_box_button_holder\">\r\n\t\t\t\t<span class=\"qode_video_box_button\">\r\n\t\t\t\t\t<span class=\"qode_video_box_button_arrow\">\r\n\t\t\t\t\t<\/span>\r\n\t\t\t\t<\/span>\r\n\t\t\t<\/span>\r\n\t\t\t<\/a>\r\n<\/div>[vc_empty_space height=&#8220;17px&#8220;][vc_column_text]<\/p>\n<h6 style=\"text-align: center;\">Kurzdokumentarvideo f\u00fcr Las Vacas Felices, 2017.<\/h6>\n<p>[\/vc_column_text][\/vc_column_inner][\/vc_row_inner][vc_row_inner row_type=&#8220;row&#8220; type=&#8220;full_width&#8220; text_align=&#8220;left&#8220; css_animation=&#8220;&#8220;][vc_column_inner width=&#8220;1\/2&#8243; css=&#8220;.vc_custom_1524933839410{padding-left: 200px !important;}&#8220;]<div class=\"qode_video_box\">\r\n\t<a itemprop=\"image\" class=\"qode_video_image\" href=\"https:\/\/vimeo.com\/266781622\" data-rel=\"prettyPhoto\">\r\n\t\t\t\r\n\t\t\t<img src=\"https:\/\/cuyaywasi.net\/wp-content\/uploads\/2018\/04\/v4-e1524840345899.png\" \/>\r\n\t\t\t<span class=\"qode_video_box_button_holder\">\r\n\t\t\t\t<span class=\"qode_video_box_button\">\r\n\t\t\t\t\t<span class=\"qode_video_box_button_arrow\">\r\n\t\t\t\t\t<\/span>\r\n\t\t\t\t<\/span>\r\n\t\t\t<\/span>\r\n\t\t\t<\/a>\r\n<\/div>[vc_empty_space height=&#8220;17px&#8220;][vc_column_text]<\/p>\n<h6 style=\"text-align: center;\">Kurzdokumentarvideo f\u00fcr die Apu Tuspin Schule, Marcara, Ancash, 2017<\/h6>\n<p>[\/vc_column_text][\/vc_column_inner][vc_column_inner width=&#8220;1\/2&#8243; css=&#8220;.vc_custom_1524933846129{padding-right: 200px !important;}&#8220;]<div class=\"qode_video_box\">\r\n\t<a itemprop=\"image\" class=\"qode_video_image\" href=\"https:\/\/vimeo.com\/266792902\" data-rel=\"prettyPhoto\">\r\n\t\t\t\r\n\t\t\t<img src=\"https:\/\/cuyaywasi.net\/wp-content\/uploads\/2018\/04\/v5-e1524840319243.png\" \/>\r\n\t\t\t<span class=\"qode_video_box_button_holder\">\r\n\t\t\t\t<span class=\"qode_video_box_button\">\r\n\t\t\t\t\t<span class=\"qode_video_box_button_arrow\">\r\n\t\t\t\t\t<\/span>\r\n\t\t\t\t<\/span>\r\n\t\t\t<\/span>\r\n\t\t\t<\/a>\r\n<\/div>[vc_empty_space height=&#8220;17px&#8220;][vc_column_text]<\/p>\n<h6 style=\"text-align: center;\">Partizipatives Video f\u00fcr das Berginstitut, Klimawandel Program, 2016.<\/h6>\n<p>[\/vc_column_text][\/vc_column_inner][\/vc_row_inner][vc_empty_space height=&#8220;50px&#8220;]<a  itemprop=\"url\" href=\"http:\/\/cuyaywasi.net\/\" target=\"_self\"  class=\"qbutton  default\" style=\"\">Zur\u00fcck zum Anfang<i class=\"qode_icon_font_awesome fa fa-arrow-left qode_button_icon_element\" style=\"\" ><\/i><\/a>[vc_empty_space height=&#8220;50px&#8220;][\/vc_column][\/vc_row][vc_row css_animation=&#8220;&#8220; row_type=&#8220;row&#8220; use_row_as_full_screen_section=&#8220;no&#8220; type=&#8220;full_width&#8220; angled_section=&#8220;no&#8220; text_align=&#8220;left&#8220; background_image_as_pattern=&#8220;without_pattern&#8220;][vc_column][\/vc_column][\/vc_row]<\/p>","protected":false},"excerpt":{"rendered":"<p>[vc_row css_animation=&#8220;&#8220; row_type=&#8220;row&#8220; use_row_as_full_screen_section=&#8220;yes&#8220; type=&#8220;grid&#8220; angled_section=&#8220;no&#8220; text_align=&#8220;center&#8220; background_image_as_pattern=&#8220;without_pattern&#8220; padding_top=&#8220;120&#8243; z_index=&#8220;&#8220; css=&#8220;.vc_custom_1524456943619{background-image: url(http:\/\/cuyaywasi.net\/wp-content\/uploads\/2018\/04\/screen_3.jpg?id=584) !important;background-position: center !important;background-repeat: no-repeat !important;background-size: cover !important;}&#8220;][vc_column][vc_empty_space height=&#8220;50px&#8220;][vc_column_text] UNSER ANLIEGEN [\/vc_column_text][vc_separator type=&#8220;small&#8220; position=&#8220;center&#8220; color=&#8220;#8a3fb6&#8243; transparency=&#8220;1&#8243; thickness=&#8220;4&#8243; width=&#8220;96&#8243; up=&#8220;25&#8243; down=&#8220;25&#8243;][vc_column_text] Wir sind Filmemacher zum Nutzen der Mutter Erde. Unsere Projekte dienen der Verbindung der&#8230;<\/p>\n","protected":false},"author":1,"featured_media":0,"parent":0,"menu_order":0,"comment_status":"closed","ping_status":"closed","template":"full_width.php","meta":[],"_links":{"self":[{"href":"https:\/\/cuyaywasi.net\/de\/wp-json\/wp\/v2\/pages\/1364"}],"collection":[{"href":"https:\/\/cuyaywasi.net\/de\/wp-json\/wp\/v2\/pages"}],"about":[{"href":"https:\/\/cuyaywasi.net\/de\/wp-json\/wp\/v2\/types\/page"}],"author":[{"embeddable":true,"href":"https:\/\/cuyaywasi.net\/de\/wp-json\/wp\/v2\/users\/1"}],"replies":[{"embeddable":true,"href":"https:\/\/cuyaywasi.net\/de\/wp-json\/wp\/v2\/comments?post=1364"}],"version-history":[{"count":19,"href":"https:\/\/cuyaywasi.net\/de\/wp-json\/wp\/v2\/pages\/1364\/revisions"}],"predecessor-version":[{"id":1492,"href":"https:\/\/cuyaywasi.net\/de\/wp-json\/wp\/v2\/pages\/1364\/revisions\/1492"}],"wp:attachment":[{"href":"https:\/\/cuyaywasi.net\/de\/wp-json\/wp\/v2\/media?parent=1364"}],"curies":[{"name":"wp","href":"https:\/\/api.w.org\/{rel}","templated":true}]}}